{"id":2,"date":"2013-07-04T17:33:28","date_gmt":"2013-07-04T17:33:28","guid":{"rendered":"http:\/\/mehmetmumcu.com\/?page_id=2"},"modified":"2019-12-13T16:20:10","modified_gmt":"2019-12-13T13:20:10","slug":"ornek-sayfa","status":"publish","type":"page","link":"https:\/\/mehmetmumcu.com\/?page_id=2","title":{"rendered":"\u0130\u015eTE BEN\u0130M HAYATIM *****"},"content":{"rendered":"<blockquote><p>\u00d6ncelikle ba\u015fkalar\u0131 i\u00e7in ya\u015famak&#8217;tan vazge\u00e7tim<br \/>\nAma, tutkular\u0131m&#8217;dan asla vazge\u00e7medim<br \/>\nBu \u00fclke&#8217;de haberleri asla dinlemiyorum<br \/>\nDe\u011ferlerim&#8217;den asla taviz vermiyorum<br \/>\nKimsenin i\u015fine burnumu sokmuyorum<br \/>\nAr\u0131zal\u0131 insanlar&#8217;dan uzak duruyorum<br \/>\nKimsenin ipiyle kuyuya inmiyorum<br \/>\nUcuz insanlara pirim vermiyorum<br \/>\nNere&#8217;de duraca\u011f\u0131m\u0131 iyi biliyorum<br \/>\nKimseye minnet etmiyorum<br \/>\nAkl\u0131mla alay ettirmiyorum<br \/>\nkendi k\u0131ymetimi biliyorum<br \/>\nSezgilerime g\u00fcveniyorum<br \/>\nKimse i\u00e7in de\u011fi\u015fmiyorum<br \/>\nNe istedi\u011fimi biliyorum<br \/>\nhay\u0131r demeyi biliyorum<br <p=\"\">Vaz ge\u00e7meyi biliyorum<br <p=\"\">Affetmeyi biliyorum<br \/>\nPozitif d\u00fc\u015f\u00fcn\u00fcyorum<br \/>\n\u015eikayet etmiyorum<br \/>\nHaddimi biliyorum<br \/>\nKendimi seviyorum<br \/>\nHayat\u0131 seviyorum<br \/>\nRak\u0131 i\u00e7meyi seviyorum<\/p>\n<p>\u0130\u015fte benim hayat\u0131m..&nbsp; &nbsp;Sessiz, sakin, huzurlu, \u00d6zg\u00fcr, ke\u015fke&#8217; siz<\/p>\n<p>01. \u015eUBAT. 2019 \/ &#8230;&nbsp; &nbsp; &nbsp; &nbsp; BODRUM<\/p><\/blockquote>\n","protected":false},"excerpt":{"rendered":"<p>\u00d6ncelikle ba\u015fkalar\u0131 i\u00e7in ya\u015famak&#8217;tan vazge\u00e7tim Ama, tutkular\u0131m&#8217;dan asla vazge\u00e7medim Bu \u00fclke&#8217;de haberleri asla dinlemiyorum De\u011ferlerim&#8217;den asla taviz vermiyorum Kimsenin i\u015fine burnumu sokmuyorum Ar\u0131zal\u0131 insanlar&#8217;dan uzak duruyorum Kimsenin ipiyle kuyuya inmiyorum Ucuz insanlara pirim vermiyorum Nere&#8217;de duraca\u011f\u0131m\u0131 iyi biliyorum Kimseye minnet &hellip; <a href=\"https:\/\/mehmetmumcu.com\/?page_id=2\">Okumaya devam et <span class=\"meta-nav\">&rarr;<\/span><\/a><\/p>\n","protected":false},"author":1,"featured_media":0,"parent":0,"menu_order":0,"comment_status":"open","ping_status":"open","template":"","meta":{"footnotes":""},"_links":{"self":[{"href":"https:\/\/mehmetmumcu.com\/index.php?rest_route=\/wp\/v2\/pages\/2"}],"collection":[{"href":"https:\/\/mehmetmumcu.com\/index.php?rest_route=\/wp\/v2\/pages"}],"about":[{"href":"https:\/\/mehmetmumcu.com\/index.php?rest_route=\/wp\/v2\/types\/page"}],"author":[{"embeddable":true,"href":"https:\/\/mehmetmumcu.com\/index.php?rest_route=\/wp\/v2\/users\/1"}],"replies":[{"embeddable":true,"href":"https:\/\/mehmetmumcu.com\/index.php?rest_route=%2Fwp%2Fv2%2Fcomments&post=2"}],"version-history":[{"count":142,"href":"https:\/\/mehmetmumcu.com\/index.php?rest_route=\/wp\/v2\/pages\/2\/revisions"}],"predecessor-version":[{"id":1065,"href":"https:\/\/mehmetmumcu.com\/index.php?rest_route=\/wp\/v2\/pages\/2\/revisions\/1065"}],"wp:attachment":[{"href":"https:\/\/mehmetmumcu.com\/index.php?rest_route=%2Fwp%2Fv2%2Fmedia&parent=2"}],"curies":[{"name":"wp","href":"https:\/\/api.w.org\/{rel}","templated":true}]}}